{"id":11,"date":"2024-12-13T10:06:16","date_gmt":"2024-12-13T10:06:16","guid":{"rendered":"https:\/\/dhd2025.dig-hum.de\/?page_id=11"},"modified":"2025-02-06T15:40:25","modified_gmt":"2025-02-06T15:40:25","slug":"anreise-unterkunft","status":"publish","type":"page","link":"https:\/\/dhd2025.dig-hum.de\/?page_id=11","title":{"rendered":"Anreise &amp; Unterkunft"},"content":{"rendered":"\t\t<div data-elementor-type=\"wp-page\" data-elementor-id=\"11\" class=\"elementor elementor-11\" data-elementor-post-type=\"page\">\n\t\t\t\t<div class=\"elementor-element elementor-element-5c036d0 e-flex e-con-boxed e-con e-parent\" data-id=\"5c036d0\" data-element_type=\"container\" data-e-type=\"container\">\n\t\t\t\t\t<div class=\"e-con-inner\">\n\t\t\t\t<div class=\"elementor-element elementor-element-102e359 elementor-widget elementor-widget-text-editor\" data-id=\"102e359\" data-element_type=\"widget\" data-e-type=\"widget\" data-widget_type=\"text-editor.default\">\n\t\t\t\t<div class=\"elementor-widget-container\">\n\t\t\t\t\t\t\t\t\t<h1>Anreise, Unterkunft &amp; Wege<\/h1>\t\t\t\t\t\t\t\t<\/div>\n\t\t\t\t<\/div>\n\t\t\t\t\t<\/div>\n\t\t\t\t<\/div>\n\t\t<div class=\"elementor-element elementor-element-6a56d47 e-con-full e-flex e-con e-parent\" data-id=\"6a56d47\" data-element_type=\"container\" data-e-type=\"container\">\n\t\t\t\t<div class=\"elementor-element elementor-element-6a3685c elementor-widget-divider--separator-type-pattern elementor-widget-divider--view-line elementor-widget elementor-widget-divider\" data-id=\"6a3685c\" data-element_type=\"widget\" data-e-type=\"widget\" data-widget_type=\"divider.default\">\n\t\t\t\t<div class=\"elementor-widget-container\">\n\t\t\t\t\t\t\t<div class=\"elementor-divider\" style=\"--divider-pattern-url: url(&quot;data:image\/svg+xml,%3Csvg xmlns=&#039;http:\/\/www.w3.org\/2000\/svg&#039; preserveAspectRatio=&#039;none&#039; overflow=&#039;visible&#039; height=&#039;100%&#039; viewBox=&#039;0 0 24 24&#039; fill=&#039;black&#039; stroke=&#039;none&#039;%3E%3Cpolygon points=&#039;9.4,2 24,2 14.6,21.6 0,21.6&#039;\/%3E%3C\/svg%3E&quot;);\">\n\t\t\t<span class=\"elementor-divider-separator\">\n\t\t\t\t\t\t<\/span>\n\t\t<\/div>\n\t\t\t\t\t\t<\/div>\n\t\t\t\t<\/div>\n\t\t\t\t<\/div>\n\t\t<div class=\"elementor-element elementor-element-5d798b31 e-flex e-con-boxed e-con e-parent\" data-id=\"5d798b31\" data-element_type=\"container\" data-e-type=\"container\">\n\t\t\t\t\t<div class=\"e-con-inner\">\n\t\t\t\t<div class=\"elementor-element elementor-element-4895b42e elementor-widget elementor-widget-text-editor\" data-id=\"4895b42e\" data-element_type=\"widget\" data-e-type=\"widget\" data-widget_type=\"text-editor.default\">\n\t\t\t\t<div class=\"elementor-widget-container\">\n\t\t\t\t\t\t\t\t\t<p>F\u00fcr Teilnehmende der DHd 2025 stehen bei einigen Bielefelder Hotels Zimmerkontingente (Einzel- und Doppelzimmer) zur Verf\u00fcgung. Diese Kontingente k\u00f6nnen <strong>bis zu den unten angegebenen Zeiten<\/strong> abgerufen werden, indem Sie die Buchung bitte selbst vornehmen und dabei das <strong>Stichwort &#8222;DHd 2025&#8220;<\/strong> angeben. Die unten aufgef\u00fchrten Preise variieren in Bezug darauf, ob Fr\u00fchst\u00fcck inklusive ist\u00a0 &#8211; Einzelheiten k\u00f6nnen Sie beim jeweiligen Hotel erfragen. Die Hotels sind auch in der unten eingebundenen Karte zu finden.<\/p><ul><li><a href=\"http:\/\/www.altstadt-hotel-bielefeld.de\" target=\"_blank\" rel=\"noopener\"><strong>Altstadt Hotel Bielefeld<\/strong><\/a><br \/>(je nach Zimmerkategorie 85-105 Euro pro Nacht, zzgl. Fr\u00fchst\u00fcck; Zimmer bis <del>16.01.2025<\/del> 23.01.2025 abrufbar)<\/li><\/ul><ul><li><a href=\"http:\/\/www.all.accor.com\/hotel\/B8G6\/index.de.shtml\" target=\"_blank\" rel=\"noopener\"><strong>ibis Styles Bielefeld<\/strong><\/a><br \/>(je nach Zimmerkategorie 105-128 Euro pro Nacht, inkl. Fr\u00fchst\u00fcck; Zimmer bis 19.01.2025 abrufbar)<\/li><\/ul><ul><li><a href=\"https:\/\/www.legere-hotelgroup.com\/destinations\/deutschland\/bielefeld\/lx-bielefeld\" target=\"_blank\" rel=\"noopener\"><strong>Hotel L\u00e9g\u00e8re Express Bielefeld<\/strong><\/a><br \/>(109 Euro pro Nacht, inkl. Fr\u00fchst\u00fcck; keine Angabe des Stichworts notwendig; nur \u00fcber <a href=\"https:\/\/onepagebooking.com\/legereexpressbielefeld?ratetype=abkuni&amp;lang=de&amp;arrival=02.03.2025&amp;departure=07.03.2025&amp;roomtype=QUE_1,QUE_2\" target=\"_blank\" rel=\"noopener\">diesen Link<\/a> buchbar)<\/li><\/ul><ul><li><a href=\"http:\/\/www.all.accor.com\/hotel\/B0Q9\/index.de.shtml\" target=\"_blank\" rel=\"noopener\"><strong>Mercure Hotel Bielefeld Johannisberg<\/strong><\/a><br \/>(je nach Zimmerkategorie 85,50 &#8211; 102 Euro pro Nacht, inkl. Fr\u00fchst\u00fcck; Zimmer bis 01.02.2025 abrufbar)<\/li><\/ul><ul><li><a href=\"http:\/\/www.ravensbergerhof.com\" target=\"_blank\" rel=\"noopener\"><strong>Hotel Ravensberger Hof<\/strong><\/a><br \/>(je nach Zimmerkategorie 80 &#8211; 95 Euro pro Nacht, zzgl. Fr\u00fchst\u00fcck; Zimmer bis 01.02.2025 abrufbar)<\/li><li><strong><a href=\"https:\/\/hrewards.com\/de\/steigenberger-hotel-bielefelder-hof\" target=\"_blank\" rel=\"noopener\">Steigenberger Hotel Bielefelder Hof<\/a><\/strong><br \/>(je nach Zimmerkategorie 129 &#8211; 164 Euro pro Nacht, inkl. Fr\u00fchst\u00fcck; Zimmer bis 08.01.2025 abrufbar)<\/li><\/ul><p><b><\/b><br \/><strong>Dar\u00fcber hinaus gibt es in Bielefeld weitere Hotels und Unterk\u00fcnfte, die Sie z.B. bei <a href=\"https:\/\/www.bielefeld.jetzt\/hotels#\/unterkuenfte\" target=\"_blank\" rel=\"noopener\">Bielefeld.JETZT<\/a> seinsehen k\u00f6nnen.<\/strong><\/p>\t\t\t\t\t\t\t\t<\/div>\n\t\t\t\t<\/div>\n\t\t\t\t\t<\/div>\n\t\t\t\t<\/div>\n\t\t<div class=\"elementor-element elementor-element-0f8c71a e-con-full e-flex e-con e-parent\" data-id=\"0f8c71a\" data-element_type=\"container\" data-e-type=\"container\">\n\t\t\t\t<div class=\"elementor-element elementor-element-f1a2af5 elementor-widget elementor-widget-spacer\" data-id=\"f1a2af5\" data-element_type=\"widget\" data-e-type=\"widget\" data-widget_type=\"spacer.default\">\n\t\t\t\t<div class=\"elementor-widget-container\">\n\t\t\t\t\t\t\t<div class=\"elementor-spacer\">\n\t\t\t<div class=\"elementor-spacer-inner\"><\/div>\n\t\t<\/div>\n\t\t\t\t\t\t<\/div>\n\t\t\t\t<\/div>\n\t\t\t\t<\/div>\n\t\t<div class=\"elementor-element elementor-element-370c092 e-flex e-con-boxed e-con e-parent\" data-id=\"370c092\" data-element_type=\"container\" data-e-type=\"container\">\n\t\t\t\t\t<div class=\"e-con-inner\">\n\t\t\t\t<div class=\"elementor-element elementor-element-39d5e4d elementor-widget elementor-widget-text-editor\" data-id=\"39d5e4d\" data-element_type=\"widget\" data-e-type=\"widget\" data-widget_type=\"text-editor.default\">\n\t\t\t\t<div class=\"elementor-widget-container\">\n\t\t\t\t\t\t\t\t\t<h2 style=\"text-align: center;\"><a href=\"https:\/\/dhd2025.dig-hum.de\/wp-content\/uploads\/2025\/02\/Anfahrtsskizze_DHd2025.pdf\" target=\"_blank\" rel=\"noopener\">Anfahrtsskizze<\/a><\/h2>\t\t\t\t\t\t\t\t<\/div>\n\t\t\t\t<\/div>\n\t\t\t\t<div class=\"elementor-element elementor-element-68e00b3 elementor-widget__width-inherit elementor-hidden-mobile elementor-widget elementor-widget-pdfjs-viewer\" data-id=\"68e00b3\" data-element_type=\"widget\" data-e-type=\"widget\" data-widget_type=\"pdfjs-viewer.default\">\n\t\t\t\t<div class=\"elementor-widget-container\">\n\t\t\t\t\t<iframe width=\"1000\" height=\"1000\" src=\"https:\/\/dhd2025.dig-hum.de\/wp-content\/plugins\/pdfjs-viewer-for-elementor\/\/assets\/js\/pdfjs\/web\/viewer.html?file=https:\/\/dhd2025.dig-hum.de\/wp-content\/uploads\/2025\/02\/Anfahrtsskizze_DHd2025.pdf\"><\/iframe>\t\t\t\t<\/div>\n\t\t\t\t<\/div>\n\t\t\t\t<div class=\"elementor-element elementor-element-c5ff538 elementor-widget elementor-widget-spacer\" data-id=\"c5ff538\" data-element_type=\"widget\" data-e-type=\"widget\" data-widget_type=\"spacer.default\">\n\t\t\t\t<div class=\"elementor-widget-container\">\n\t\t\t\t\t\t\t<div class=\"elementor-spacer\">\n\t\t\t<div class=\"elementor-spacer-inner\"><\/div>\n\t\t<\/div>\n\t\t\t\t\t\t<\/div>\n\t\t\t\t<\/div>\n\t\t\t\t\t<\/div>\n\t\t\t\t<\/div>\n\t\t<div class=\"elementor-element elementor-element-da195ba e-flex e-con-boxed e-con e-parent\" data-id=\"da195ba\" data-element_type=\"container\" data-e-type=\"container\">\n\t\t\t\t\t<div class=\"e-con-inner\">\n\t\t\t\t<div class=\"elementor-element elementor-element-380d02b elementor-widget elementor-widget-spacer\" data-id=\"380d02b\" data-element_type=\"widget\" data-e-type=\"widget\" data-widget_type=\"spacer.default\">\n\t\t\t\t<div class=\"elementor-widget-container\">\n\t\t\t\t\t\t\t<div class=\"elementor-spacer\">\n\t\t\t<div class=\"elementor-spacer-inner\"><\/div>\n\t\t<\/div>\n\t\t\t\t\t\t<\/div>\n\t\t\t\t<\/div>\n\t\t\t\t<div class=\"elementor-element elementor-element-7c04e2a elementor-widget elementor-widget-text-editor\" data-id=\"7c04e2a\" data-element_type=\"widget\" data-e-type=\"widget\" data-widget_type=\"text-editor.default\">\n\t\t\t\t<div class=\"elementor-widget-container\">\n\t\t\t\t\t\t\t\t\t<h2 style=\"text-align: center;\">DHd 2025 &#8211; Orte in Bielefeld<\/h2>\t\t\t\t\t\t\t\t<\/div>\n\t\t\t\t<\/div>\n\t\t\t\t<div class=\"elementor-element elementor-element-f771882 elementor-widget elementor-widget-html\" data-id=\"f771882\" data-element_type=\"widget\" data-e-type=\"widget\" data-widget_type=\"html.default\">\n\t\t\t\t<div class=\"elementor-widget-container\">\n\t\t\t\t\t<iframe width=\"100%\" height=\"900px\" frameborder=\"0\" allowfullscreen allow=\"geolocation\" src=\"\/\/umap.openstreetmap.de\/de\/map\/dhd-2025-orte-in-bielefeld_76595?scaleControl=false&miniMap=false&scrollWheelZoom=false&zoomControl=true&editMode=disabled&moreControl=true&searchControl=null&tilelayersControl=null&embedControl=null&datalayersControl=true&onLoadPanel=none&captionBar=false&captionMenus=true\"><\/iframe><p><a href=\"\/\/umap.openstreetmap.de\/de\/map\/dhd-2025-orte-in-bielefeld_76595?scaleControl=false&miniMap=false&scrollWheelZoom=true&zoomControl=true&editMode=disabled&moreControl=true&searchControl=null&tilelayersControl=null&embedControl=null&datalayersControl=true&onLoadPanel=none&captionBar=false&captionMenus=true\">Vollbildanzeige<\/a><\/p>\t\t\t\t<\/div>\n\t\t\t\t<\/div>\n\t\t\t\t\t<\/div>\n\t\t\t\t<\/div>\n\t\t\t\t<\/div>\n\t\t","protected":false},"excerpt":{"rendered":"<p>Anreise, Unterkunft &amp; Wege F\u00fcr Teilnehmende der DHd 2025 stehen bei einigen Bielefelder Hotels Zimmerkontingente (Einzel- und Doppelzimmer) zur Verf\u00fcgung. Diese Kontingente k\u00f6nnen bis zu den unten angegebenen Zeiten abgerufen werden, indem Sie die Buchung bitte selbst vornehmen und dabei das Stichwort &#8222;DHd 2025&#8220; angeben. Die unten aufgef\u00fchrten Preise variieren in Bezug darauf, ob Fr\u00fchst\u00fcck [&hellip;]<\/p>\n","protected":false},"author":2,"featured_media":0,"parent":0,"menu_order":0,"comment_status":"closed","ping_status":"closed","template":"elementor_header_footer","meta":{"footnotes":""},"class_list":["post-11","page","type-page","status-publish","hentry"],"yoast_head":"<!-- This site is optimized with the Yoast SEO plugin v27.4 - https:\/\/yoast.com\/product\/yoast-seo-wordpress\/ -->\n<title>Anreise &amp; Unterkunft - DHd 2025<\/title>\n<meta name=\"robots\" content=\"index, follow, max-snippet:-1, max-image-preview:large, max-video-preview:-1\" \/>\n<link rel=\"canonical\" href=\"https:\/\/dhd2025.dig-hum.de\/?page_id=11\" \/>\n<meta property=\"og:locale\" content=\"de_DE\" \/>\n<meta property=\"og:type\" content=\"article\" \/>\n<meta property=\"og:title\" content=\"Anreise &amp; Unterkunft - DHd 2025\" \/>\n<meta property=\"og:description\" content=\"Anreise, Unterkunft &amp; Wege F\u00fcr Teilnehmende der DHd 2025 stehen bei einigen Bielefelder Hotels Zimmerkontingente (Einzel- und Doppelzimmer) zur Verf\u00fcgung. Diese Kontingente k\u00f6nnen bis zu den unten angegebenen Zeiten abgerufen werden, indem Sie die Buchung bitte selbst vornehmen und dabei das Stichwort &#8222;DHd 2025&#8220; angeben. Die unten aufgef\u00fchrten Preise variieren in Bezug darauf, ob Fr\u00fchst\u00fcck [&hellip;]\" \/>\n<meta property=\"og:url\" content=\"https:\/\/dhd2025.dig-hum.de\/?page_id=11\" \/>\n<meta property=\"og:site_name\" content=\"DHd 2025\" \/>\n<meta property=\"article:modified_time\" content=\"2025-02-06T15:40:25+00:00\" \/>\n<meta name=\"twitter:card\" content=\"summary_large_image\" \/>\n<meta name=\"twitter:label1\" content=\"Gesch\u00e4tzte Lesezeit\" \/>\n\t<meta name=\"twitter:data1\" content=\"2\u00a0Minuten\" \/>\n<script type=\"application\/ld+json\" class=\"yoast-schema-graph\">{\"@context\":\"https:\\\/\\\/schema.org\",\"@graph\":[{\"@type\":\"WebPage\",\"@id\":\"https:\\\/\\\/dhd2025.dig-hum.de\\\/?page_id=11\",\"url\":\"https:\\\/\\\/dhd2025.dig-hum.de\\\/?page_id=11\",\"name\":\"Anreise &amp; Unterkunft - DHd 2025\",\"isPartOf\":{\"@id\":\"https:\\\/\\\/dhd2025.dig-hum.de\\\/#website\"},\"datePublished\":\"2024-12-13T10:06:16+00:00\",\"dateModified\":\"2025-02-06T15:40:25+00:00\",\"breadcrumb\":{\"@id\":\"https:\\\/\\\/dhd2025.dig-hum.de\\\/?page_id=11#breadcrumb\"},\"inLanguage\":\"de\",\"potentialAction\":[{\"@type\":\"ReadAction\",\"target\":[\"https:\\\/\\\/dhd2025.dig-hum.de\\\/?page_id=11\"]}]},{\"@type\":\"BreadcrumbList\",\"@id\":\"https:\\\/\\\/dhd2025.dig-hum.de\\\/?page_id=11#breadcrumb\",\"itemListElement\":[{\"@type\":\"ListItem\",\"position\":1,\"name\":\"Startseite\",\"item\":\"https:\\\/\\\/dhd2025.dig-hum.de\\\/\"},{\"@type\":\"ListItem\",\"position\":2,\"name\":\"Anreise &amp; Unterkunft\"}]},{\"@type\":\"WebSite\",\"@id\":\"https:\\\/\\\/dhd2025.dig-hum.de\\\/#website\",\"url\":\"https:\\\/\\\/dhd2025.dig-hum.de\\\/\",\"name\":\"DHd 2025\",\"description\":\"\",\"publisher\":{\"@id\":\"https:\\\/\\\/dhd2025.dig-hum.de\\\/#organization\"},\"potentialAction\":[{\"@type\":\"SearchAction\",\"target\":{\"@type\":\"EntryPoint\",\"urlTemplate\":\"https:\\\/\\\/dhd2025.dig-hum.de\\\/?s={search_term_string}\"},\"query-input\":{\"@type\":\"PropertyValueSpecification\",\"valueRequired\":true,\"valueName\":\"search_term_string\"}}],\"inLanguage\":\"de\"},{\"@type\":\"Organization\",\"@id\":\"https:\\\/\\\/dhd2025.dig-hum.de\\\/#organization\",\"name\":\"DHd 2025\",\"url\":\"https:\\\/\\\/dhd2025.dig-hum.de\\\/\",\"logo\":{\"@type\":\"ImageObject\",\"inLanguage\":\"de\",\"@id\":\"https:\\\/\\\/dhd2025.dig-hum.de\\\/#\\\/schema\\\/logo\\\/image\\\/\",\"url\":\"https:\\\/\\\/dhd2025.dig-hum.de\\\/wp-content\\\/uploads\\\/2024\\\/05\\\/DHd2025_Tansparenzen.png\",\"contentUrl\":\"https:\\\/\\\/dhd2025.dig-hum.de\\\/wp-content\\\/uploads\\\/2024\\\/05\\\/DHd2025_Tansparenzen.png\",\"width\":2480,\"height\":1110,\"caption\":\"DHd 2025\"},\"image\":{\"@id\":\"https:\\\/\\\/dhd2025.dig-hum.de\\\/#\\\/schema\\\/logo\\\/image\\\/\"},\"sameAs\":[\"https:\\\/\\\/www.instagram.com\\\/dhd_2025\\\/\"]}]}<\/script>\n<!-- \/ Yoast SEO plugin. -->","yoast_head_json":{"title":"Anreise &amp; Unterkunft - DHd 2025","robots":{"index":"index","follow":"follow","max-snippet":"max-snippet:-1","max-image-preview":"max-image-preview:large","max-video-preview":"max-video-preview:-1"},"canonical":"https:\/\/dhd2025.dig-hum.de\/?page_id=11","og_locale":"de_DE","og_type":"article","og_title":"Anreise &amp; Unterkunft - DHd 2025","og_description":"Anreise, Unterkunft &amp; Wege F\u00fcr Teilnehmende der DHd 2025 stehen bei einigen Bielefelder Hotels Zimmerkontingente (Einzel- und Doppelzimmer) zur Verf\u00fcgung. Diese Kontingente k\u00f6nnen bis zu den unten angegebenen Zeiten abgerufen werden, indem Sie die Buchung bitte selbst vornehmen und dabei das Stichwort &#8222;DHd 2025&#8220; angeben. Die unten aufgef\u00fchrten Preise variieren in Bezug darauf, ob Fr\u00fchst\u00fcck [&hellip;]","og_url":"https:\/\/dhd2025.dig-hum.de\/?page_id=11","og_site_name":"DHd 2025","article_modified_time":"2025-02-06T15:40:25+00:00","twitter_card":"summary_large_image","twitter_misc":{"Gesch\u00e4tzte Lesezeit":"2\u00a0Minuten"},"schema":{"@context":"https:\/\/schema.org","@graph":[{"@type":"WebPage","@id":"https:\/\/dhd2025.dig-hum.de\/?page_id=11","url":"https:\/\/dhd2025.dig-hum.de\/?page_id=11","name":"Anreise &amp; Unterkunft - DHd 2025","isPartOf":{"@id":"https:\/\/dhd2025.dig-hum.de\/#website"},"datePublished":"2024-12-13T10:06:16+00:00","dateModified":"2025-02-06T15:40:25+00:00","breadcrumb":{"@id":"https:\/\/dhd2025.dig-hum.de\/?page_id=11#breadcrumb"},"inLanguage":"de","potentialAction":[{"@type":"ReadAction","target":["https:\/\/dhd2025.dig-hum.de\/?page_id=11"]}]},{"@type":"BreadcrumbList","@id":"https:\/\/dhd2025.dig-hum.de\/?page_id=11#breadcrumb","itemListElement":[{"@type":"ListItem","position":1,"name":"Startseite","item":"https:\/\/dhd2025.dig-hum.de\/"},{"@type":"ListItem","position":2,"name":"Anreise &amp; Unterkunft"}]},{"@type":"WebSite","@id":"https:\/\/dhd2025.dig-hum.de\/#website","url":"https:\/\/dhd2025.dig-hum.de\/","name":"DHd 2025","description":"","publisher":{"@id":"https:\/\/dhd2025.dig-hum.de\/#organization"},"potentialAction":[{"@type":"SearchAction","target":{"@type":"EntryPoint","urlTemplate":"https:\/\/dhd2025.dig-hum.de\/?s={search_term_string}"},"query-input":{"@type":"PropertyValueSpecification","valueRequired":true,"valueName":"search_term_string"}}],"inLanguage":"de"},{"@type":"Organization","@id":"https:\/\/dhd2025.dig-hum.de\/#organization","name":"DHd 2025","url":"https:\/\/dhd2025.dig-hum.de\/","logo":{"@type":"ImageObject","inLanguage":"de","@id":"https:\/\/dhd2025.dig-hum.de\/#\/schema\/logo\/image\/","url":"https:\/\/dhd2025.dig-hum.de\/wp-content\/uploads\/2024\/05\/DHd2025_Tansparenzen.png","contentUrl":"https:\/\/dhd2025.dig-hum.de\/wp-content\/uploads\/2024\/05\/DHd2025_Tansparenzen.png","width":2480,"height":1110,"caption":"DHd 2025"},"image":{"@id":"https:\/\/dhd2025.dig-hum.de\/#\/schema\/logo\/image\/"},"sameAs":["https:\/\/www.instagram.com\/dhd_2025\/"]}]}},"_links":{"self":[{"href":"https:\/\/dhd2025.dig-hum.de\/index.php?rest_route=\/wp\/v2\/pages\/11","targetHints":{"allow":["GET"]}}],"collection":[{"href":"https:\/\/dhd2025.dig-hum.de\/index.php?rest_route=\/wp\/v2\/pages"}],"about":[{"href":"https:\/\/dhd2025.dig-hum.de\/index.php?rest_route=\/wp\/v2\/types\/page"}],"author":[{"embeddable":true,"href":"https:\/\/dhd2025.dig-hum.de\/index.php?rest_route=\/wp\/v2\/users\/2"}],"replies":[{"embeddable":true,"href":"https:\/\/dhd2025.dig-hum.de\/index.php?rest_route=%2Fwp%2Fv2%2Fcomments&post=11"}],"version-history":[{"count":65,"href":"https:\/\/dhd2025.dig-hum.de\/index.php?rest_route=\/wp\/v2\/pages\/11\/revisions"}],"predecessor-version":[{"id":1091,"href":"https:\/\/dhd2025.dig-hum.de\/index.php?rest_route=\/wp\/v2\/pages\/11\/revisions\/1091"}],"wp:attachment":[{"href":"https:\/\/dhd2025.dig-hum.de\/index.php?rest_route=%2Fwp%2Fv2%2Fmedia&parent=11"}],"curies":[{"name":"wp","href":"https:\/\/api.w.org\/{rel}","templated":true}]}}