{"id":532,"date":"2024-12-20T13:39:58","date_gmt":"2024-12-20T13:39:58","guid":{"rendered":"https:\/\/dhd2025.dig-hum.de\/?page_id=532"},"modified":"2025-02-14T09:25:21","modified_gmt":"2025-02-14T09:25:21","slug":"keynote-speakers","status":"publish","type":"page","link":"https:\/\/dhd2025.dig-hum.de\/?page_id=532","title":{"rendered":"Keynote Speakers"},"content":{"rendered":"\t\t<div data-elementor-type=\"wp-page\" data-elementor-id=\"532\" class=\"elementor elementor-532\" data-elementor-post-type=\"page\">\n\t\t\t\t<div class=\"elementor-element elementor-element-66dfe35 e-con-full e-flex e-con e-parent\" data-id=\"66dfe35\" data-element_type=\"container\" data-e-type=\"container\">\n\t\t\t\t<div class=\"elementor-element elementor-element-3b8b598 elementor-widget elementor-widget-heading\" data-id=\"3b8b598\" data-element_type=\"widget\" data-e-type=\"widget\" data-widget_type=\"heading.default\">\n\t\t\t\t<div class=\"elementor-widget-container\">\n\t\t\t\t\t<h1 class=\"elementor-heading-title elementor-size-default\">Keynote Speakers<\/h1>\t\t\t\t<\/div>\n\t\t\t\t<\/div>\n\t\t\t\t<div class=\"elementor-element elementor-element-d37f5d7 elementor-widget__width-inherit elementor-widget-divider--separator-type-pattern elementor-widget-divider--view-line elementor-widget elementor-widget-divider\" data-id=\"d37f5d7\" data-element_type=\"widget\" data-e-type=\"widget\" data-widget_type=\"divider.default\">\n\t\t\t\t<div class=\"elementor-widget-container\">\n\t\t\t\t\t\t\t<div class=\"elementor-divider\" style=\"--divider-pattern-url: url(&quot;data:image\/svg+xml,%3Csvg xmlns=&#039;http:\/\/www.w3.org\/2000\/svg&#039; preserveAspectRatio=&#039;none&#039; overflow=&#039;visible&#039; height=&#039;100%&#039; viewBox=&#039;0 0 24 24&#039; fill=&#039;black&#039; stroke=&#039;none&#039;%3E%3Cpolygon points=&#039;9.4,2 24,2 14.6,21.6 0,21.6&#039;\/%3E%3C\/svg%3E&quot;);\">\n\t\t\t<span class=\"elementor-divider-separator\">\n\t\t\t\t\t\t<\/span>\n\t\t<\/div>\n\t\t\t\t\t\t<\/div>\n\t\t\t\t<\/div>\n\t\t\t\t<div class=\"elementor-element elementor-element-73c461b elementor-widget elementor-widget-text-editor\" data-id=\"73c461b\" data-element_type=\"widget\" data-e-type=\"widget\" data-widget_type=\"text-editor.default\">\n\t\t\t\t<div class=\"elementor-widget-container\">\n\t\t\t\t\t\t\t\t\t<h1 style=\"text-align: center;\">Opening Keynote<\/h1>\t\t\t\t\t\t\t\t<\/div>\n\t\t\t\t<\/div>\n\t\t\t\t<\/div>\n\t\t<div class=\"elementor-element elementor-element-ea49995 e-con-full e-flex e-con e-parent\" data-id=\"ea49995\" data-element_type=\"container\" data-e-type=\"container\">\n\t\t\t\t<div class=\"elementor-element elementor-element-5575459 elementor-widget__width-initial elementor-widget elementor-widget-image\" data-id=\"5575459\" data-element_type=\"widget\" data-e-type=\"widget\" data-widget_type=\"image.default\">\n\t\t\t\t<div class=\"elementor-widget-container\">\n\t\t\t\t\t\t\t\t\t\t\t\t\t\t\t\t<a href=\"https:\/\/markdingemanse.net\/\" target=\"_blank\">\n\t\t\t\t\t\t\t<img fetchpriority=\"high\" decoding=\"async\" width=\"300\" height=\"300\" src=\"https:\/\/dhd2025.dig-hum.de\/wp-content\/uploads\/2024\/12\/MarkDingemanse09_800px_square-300x300.jpg\" class=\"attachment-medium size-medium wp-image-534\" alt=\"Foto von Mark Dingemanse\" srcset=\"https:\/\/dhd2025.dig-hum.de\/wp-content\/uploads\/2024\/12\/MarkDingemanse09_800px_square-300x300.jpg 300w, https:\/\/dhd2025.dig-hum.de\/wp-content\/uploads\/2024\/12\/MarkDingemanse09_800px_square-150x150.jpg 150w, https:\/\/dhd2025.dig-hum.de\/wp-content\/uploads\/2024\/12\/MarkDingemanse09_800px_square.jpg 425w\" sizes=\"(max-width: 300px) 100vw, 300px\" \/>\t\t\t\t\t\t\t\t<\/a>\n\t\t\t\t\t\t\t\t\t\t\t\t\t\t\t<\/div>\n\t\t\t\t<\/div>\n\t\t\t\t<div class=\"elementor-element elementor-element-37f8d15 elementor-widget__width-initial elementor-widget elementor-widget-text-editor\" data-id=\"37f8d15\" data-element_type=\"widget\" data-e-type=\"widget\" data-widget_type=\"text-editor.default\">\n\t\t\t\t<div class=\"elementor-widget-container\">\n\t\t\t\t\t\t\t\t\t<p><a href=\"https:\/\/markdingemanse.net\/\" target=\"_blank\" rel=\"noopener\"><strong>Mark Dingemanse<\/strong><\/a> is Associate Professor in Language and Communication at the <a href=\"https:\/\/www.ru.nl\/en\/cls\" target=\"_blank\" rel=\"noopener\">Centre for Language Studies<\/a>, Radboud University, Nijmegen. His studies of social interaction in diverse languages uncovered several universals of conversational structure. With Andreas Liesenfeld, he developed the first global index of open source generative AI. Central to his current research is a focus on language as humanity&#8217;s most important and most flexible technology, which leads him to develop new perspectives on artisanal and artificial ways of languaging. His research group <a href=\"https:\/\/markdingemanse.net\/futures\/\">Futures of Language<\/a> is funded by a Vici talent grant from the Dutch Research Council.<\/p>\t\t\t\t\t\t\t\t<\/div>\n\t\t\t\t<\/div>\n\t\t\t\t<\/div>\n\t\t<div class=\"elementor-element elementor-element-aa3368e e-con-full e-flex e-con e-parent\" data-id=\"aa3368e\" data-element_type=\"container\" data-e-type=\"container\">\n\t\t\t\t<div class=\"elementor-element elementor-element-1e3a442 elementor-widget elementor-widget-text-editor\" data-id=\"1e3a442\" data-element_type=\"widget\" data-e-type=\"widget\" data-widget_type=\"text-editor.default\">\n\t\t\t\t<div class=\"elementor-widget-container\">\n\t\t\t\t\t\t\t\t\t<p style=\"text-align: center;\"><strong>&#8222;Why are LLMs so irresistible?&#8220;<\/strong><\/p><p><br \/>Perhaps the most momentous recent development at the intersection of the &#8222;digital&#8220; and the &#8222;humanities&#8220; is the rapid rise of large language models. As humanities scholars well know, new technology never comes out of thin air.\u00a0 From haruspicy to horoscopes and from ELIZA to LLMs, I aim to trace some of the ways people have been thinking with things, outsourcing judgement, and making sense out of non-sense. Sheer ubiquity and ease of use have a way of obscuring the interactional and hermeneutic processes at play, so I will devote some time to digging up the interactional foundations of our engagement with technologies of language, and thinking critically about the consequences of outsourcing scholarly processes to stochastic next token prediction. I will detail some of our work on the European Open Source AI Index, in which we carry out evidence-based openness assessment so that model providers can be held accountable, scholars can scrutinise generative AI, and end users can make informed decisions for or against deployment. As experts in meaning-making and connoisseurs of constructivist approaches to knowledge, scholars in the humanities have an opportunity if not an obligation to be at the forefront of critical AI literacy.<\/p>\t\t\t\t\t\t\t\t<\/div>\n\t\t\t\t<\/div>\n\t\t\t\t<\/div>\n\t\t<div class=\"elementor-element elementor-element-04ee8bd e-con-full e-flex e-con e-parent\" data-id=\"04ee8bd\" data-element_type=\"container\" data-e-type=\"container\">\n\t\t\t\t<div class=\"elementor-element elementor-element-8c08fd9 elementor-widget__width-inherit elementor-widget-divider--separator-type-pattern elementor-widget-divider--view-line elementor-widget elementor-widget-divider\" data-id=\"8c08fd9\" data-element_type=\"widget\" data-e-type=\"widget\" data-widget_type=\"divider.default\">\n\t\t\t\t<div class=\"elementor-widget-container\">\n\t\t\t\t\t\t\t<div class=\"elementor-divider\" style=\"--divider-pattern-url: url(&quot;data:image\/svg+xml,%3Csvg xmlns=&#039;http:\/\/www.w3.org\/2000\/svg&#039; preserveAspectRatio=&#039;none&#039; overflow=&#039;visible&#039; height=&#039;100%&#039; viewBox=&#039;0 0 24 24&#039; fill=&#039;black&#039; stroke=&#039;none&#039;%3E%3Cpolygon points=&#039;9.4,2 24,2 14.6,21.6 0,21.6&#039;\/%3E%3C\/svg%3E&quot;);\">\n\t\t\t<span class=\"elementor-divider-separator\">\n\t\t\t\t\t\t<\/span>\n\t\t<\/div>\n\t\t\t\t\t\t<\/div>\n\t\t\t\t<\/div>\n\t\t\t\t<div class=\"elementor-element elementor-element-febf359 elementor-widget elementor-widget-text-editor\" data-id=\"febf359\" data-element_type=\"widget\" data-e-type=\"widget\" data-widget_type=\"text-editor.default\">\n\t\t\t\t<div class=\"elementor-widget-container\">\n\t\t\t\t\t\t\t\t\t<h1 style=\"text-align: center;\">Closing Keynote<\/h1>\t\t\t\t\t\t\t\t<\/div>\n\t\t\t\t<\/div>\n\t\t\t\t<div class=\"elementor-element elementor-element-1281d9c elementor-widget elementor-widget-html\" data-id=\"1281d9c\" data-element_type=\"widget\" data-e-type=\"widget\" data-widget_type=\"html.default\">\n\t\t\t\t<div class=\"elementor-widget-container\">\n\t\t\t\t\t<html lang=\"en\">\n<head>\n  <meta charset=\"UTF-8\">\n  <title>Left-to-Right Fade<\/title>\n  <style>\n    .fade-text {\n      width: 100%;\n      max-width: 728px;\n      overflow: hidden;\n      position: relative;\n      margin: 0 auto;\n    }\n    .fade-text::after {\n      content: \"\";\n      position: absolute;\n      top: 0;\n      right: 0;\n      width: 18em;\n      height: 100%;\n      background: linear-gradient(to right, rgba(255, 255, 255, 0), #F0F0F0);\n    }\n  <\/style>\n<\/head>\n<body>\n<div class=\"fade-text\">\n  <p>\n    <b>\"Fertig \u2013 vorerst: Unfertigkeit als epistemischer Wert in den Digitalen Geisteswissenschaften\"<\/b>\n  <\/p>\n<\/div>\n<\/body>\n<\/html>\n\t\t\t\t<\/div>\n\t\t\t\t<\/div>\n\t\t\t\t<div class=\"elementor-element elementor-element-be861cf elementor-widget elementor-widget-text-editor\" data-id=\"be861cf\" data-element_type=\"widget\" data-e-type=\"widget\" data-widget_type=\"text-editor.default\">\n\t\t\t\t<div class=\"elementor-widget-container\">\n\t\t\t\t\t\t\t\t\t<p>Wissenschaft ist permanent &#8222;under construction&#8220;. Anstatt Unfertigkeit als Defizit zu betrachten, argumentiert dieser Vortrag f\u00fcr ihre Anerkennung als produktives Prinzip. Digitale Forschungsprozesse sind iterativ, offen und oft vorl\u00e4ufig \u2013 sichtbar in wachsenden Editionen, dem \u201ePermanent Beta\u201c digitaler Werkzeuge oder der Volatilit\u00e4t digitaler Objekte. Doch Unfertigkeit ist mehr als eine methodische Notwendigkeit: Sie erm\u00f6glicht Offenheit, Multiperspektivit\u00e4t und Kritik, indem sie Erkenntnisprozesse instabil h\u00e4lt. Gerade die Digital Humanities zeigen, dass Modulierbarkeit und Versionierbarkeit nicht nur Aktualisierungsbedarf begegnen, sondern auch alternative Perspektiven er\u00f6ffnen. Der Vortrag beleuchtet diese Chancen wie auch die Herausforderungen und fragt, was n\u00f6tig ist, um Unfertigkeit produktiv zu gestalten.<\/p>\t\t\t\t\t\t\t\t<\/div>\n\t\t\t\t<\/div>\n\t\t\t\t<\/div>\n\t\t<div class=\"elementor-element elementor-element-c68a45d e-con-full e-flex e-con e-parent\" data-id=\"c68a45d\" data-element_type=\"container\" data-e-type=\"container\">\n\t\t\t\t<div class=\"elementor-element elementor-element-b7ef3a7 elementor-widget__width-initial elementor-widget elementor-widget-image\" data-id=\"b7ef3a7\" data-element_type=\"widget\" data-e-type=\"widget\" data-widget_type=\"image.default\">\n\t\t\t\t<div class=\"elementor-widget-container\">\n\t\t\t\t\t\t\t\t\t\t\t\t<figure class=\"wp-caption\">\n\t\t\t\t\t\t\t\t\t\t\t<a href=\"https:\/\/www.dhi-paris.fr\/institut\/team\/wissenschaft\/mareike-koenig.html\" target=\"_blank\">\n\t\t\t\t\t\t\t<img decoding=\"async\" width=\"300\" height=\"300\" src=\"https:\/\/dhd2025.dig-hum.de\/wp-content\/uploads\/2024\/12\/2022_portrait_koenig_HD-4-scaled-cropped-300x300.jpg\" class=\"attachment-medium size-medium wp-image-694\" alt=\"Foto von Mareike K\u00f6nig\" srcset=\"https:\/\/dhd2025.dig-hum.de\/wp-content\/uploads\/2024\/12\/2022_portrait_koenig_HD-4-scaled-cropped-300x300.jpg 300w, https:\/\/dhd2025.dig-hum.de\/wp-content\/uploads\/2024\/12\/2022_portrait_koenig_HD-4-scaled-cropped-150x150.jpg 150w, https:\/\/dhd2025.dig-hum.de\/wp-content\/uploads\/2024\/12\/2022_portrait_koenig_HD-4-scaled-cropped.jpg 425w\" sizes=\"(max-width: 300px) 100vw, 300px\" \/>\t\t\t\t\t\t\t\t<\/a>\n\t\t\t\t\t\t\t\t\t\t\t<figcaption class=\"widget-image-caption wp-caption-text\">\u00a9 DHIP\/S\u00e9bastien Borda<\/figcaption>\n\t\t\t\t\t\t\t\t\t\t<\/figure>\n\t\t\t\t\t\t\t\t\t<\/div>\n\t\t\t\t<\/div>\n\t\t\t\t<div class=\"elementor-element elementor-element-233645e elementor-widget__width-initial elementor-widget elementor-widget-text-editor\" data-id=\"233645e\" data-element_type=\"widget\" data-e-type=\"widget\" data-widget_type=\"text-editor.default\">\n\t\t\t\t<div class=\"elementor-widget-container\">\n\t\t\t\t\t\t\t\t\t<div><a href=\"https:\/\/www.dhi-paris.fr\/institut\/team\/wissenschaft\/mareike-koenig.html\" target=\"_blank\" rel=\"noopener\"><strong>Mareike K\u00f6nig<\/strong><\/a> ist stellvertretende Direktorin des <a href=\"https:\/\/www.dhi-paris.fr\/de\/home.html\" target=\"_blank\" rel=\"noopener\">Deutschen Historischen Instituts in Paris<\/a>. Sie studierte Geschichte, Germanistik und Politikwissenschaften in Hamburg und Paris und promovierte an der Universit\u00e4t Rostock in Geschichte. Ihr Interesse f\u00fcr digitale Themen wurde w\u00e4hrend ihres Studiums der Bibliotheks- und Informationswissenschaften an der Humboldt-Universit\u00e4t zu Berlin geweckt.<\/div><div>2012 war Mareike K\u00f6nig am Aufbau des Wissenschaftsblogportals <a href=\"http:\/\/de.hypotheses.org\" target=\"_blank\" rel=\"noopener\">de.hypotheses.org<\/a> f\u00fcr die deutschsprachigen Geisteswissenschaften beteiligt, das sie seither leitet. Sie engagiert sich f\u00fcr Open Access und ist Mitglied der Arbeitsgruppe #GreenDH im DHd-Verband. Ihre Forschungsschwerpunkte liegen in der deutsch-franz\u00f6sischen Geschichte des 19. Jahrhunderts, der Wissenschaftskommunikation in sozialen Medien und der digitalen Transformation der Geisteswissenschaften.<\/div>\t\t\t\t\t\t\t\t<\/div>\n\t\t\t\t<\/div>\n\t\t\t\t<\/div>\n\t\t<div class=\"elementor-element elementor-element-ed90abc e-flex e-con-boxed e-con e-parent\" data-id=\"ed90abc\" data-element_type=\"container\" data-e-type=\"container\">\n\t\t\t\t\t<div class=\"e-con-inner\">\n\t\t\t\t<div class=\"elementor-element elementor-element-2b4ad7d elementor-widget elementor-widget-spacer\" data-id=\"2b4ad7d\" data-element_type=\"widget\" data-e-type=\"widget\" data-widget_type=\"spacer.default\">\n\t\t\t\t<div class=\"elementor-widget-container\">\n\t\t\t\t\t\t\t<div class=\"elementor-spacer\">\n\t\t\t<div class=\"elementor-spacer-inner\"><\/div>\n\t\t<\/div>\n\t\t\t\t\t\t<\/div>\n\t\t\t\t<\/div>\n\t\t\t\t\t<\/div>\n\t\t\t\t<\/div>\n\t\t\t\t<\/div>\n\t\t","protected":false},"excerpt":{"rendered":"<p>Keynote Speakers Opening Keynote Mark Dingemanse is Associate Professor in Language and Communication at the Centre for Language Studies, Radboud University, Nijmegen. His studies of social interaction in diverse languages uncovered several universals of conversational structure. With Andreas Liesenfeld, he developed the first global index of open source generative AI. Central to his current research [&hellip;]<\/p>\n","protected":false},"author":2,"featured_media":0,"parent":0,"menu_order":0,"comment_status":"closed","ping_status":"closed","template":"","meta":{"footnotes":""},"class_list":["post-532","page","type-page","status-publish","hentry"],"yoast_head":"<!-- This site is optimized with the Yoast SEO plugin v27.4 - https:\/\/yoast.com\/product\/yoast-seo-wordpress\/ -->\n<title>Keynote Speakers - DHd 2025<\/title>\n<meta name=\"robots\" content=\"index, follow, max-snippet:-1, max-image-preview:large, max-video-preview:-1\" \/>\n<link rel=\"canonical\" href=\"https:\/\/dhd2025.dig-hum.de\/?page_id=532\" \/>\n<meta property=\"og:locale\" content=\"de_DE\" \/>\n<meta property=\"og:type\" content=\"article\" \/>\n<meta property=\"og:title\" content=\"Keynote Speakers - DHd 2025\" \/>\n<meta property=\"og:description\" content=\"Keynote Speakers Opening Keynote Mark Dingemanse is Associate Professor in Language and Communication at the Centre for Language Studies, Radboud University, Nijmegen. His studies of social interaction in diverse languages uncovered several universals of conversational structure. With Andreas Liesenfeld, he developed the first global index of open source generative AI. Central to his current research [&hellip;]\" \/>\n<meta property=\"og:url\" content=\"https:\/\/dhd2025.dig-hum.de\/?page_id=532\" \/>\n<meta property=\"og:site_name\" content=\"DHd 2025\" \/>\n<meta property=\"article:modified_time\" content=\"2025-02-14T09:25:21+00:00\" \/>\n<meta property=\"og:image\" content=\"https:\/\/dhd2025.dig-hum.de\/wp-content\/uploads\/2024\/12\/MarkDingemanse09_800px_square.jpg\" \/>\n\t<meta property=\"og:image:width\" content=\"425\" \/>\n\t<meta property=\"og:image:height\" content=\"425\" \/>\n\t<meta property=\"og:image:type\" content=\"image\/jpeg\" \/>\n<meta name=\"twitter:card\" content=\"summary_large_image\" \/>\n<meta name=\"twitter:label1\" content=\"Gesch\u00e4tzte Lesezeit\" \/>\n\t<meta name=\"twitter:data1\" content=\"4\u00a0Minuten\" \/>\n<script type=\"application\/ld+json\" class=\"yoast-schema-graph\">{\"@context\":\"https:\\\/\\\/schema.org\",\"@graph\":[{\"@type\":\"WebPage\",\"@id\":\"https:\\\/\\\/dhd2025.dig-hum.de\\\/?page_id=532\",\"url\":\"https:\\\/\\\/dhd2025.dig-hum.de\\\/?page_id=532\",\"name\":\"Keynote Speakers - DHd 2025\",\"isPartOf\":{\"@id\":\"https:\\\/\\\/dhd2025.dig-hum.de\\\/#website\"},\"primaryImageOfPage\":{\"@id\":\"https:\\\/\\\/dhd2025.dig-hum.de\\\/?page_id=532#primaryimage\"},\"image\":{\"@id\":\"https:\\\/\\\/dhd2025.dig-hum.de\\\/?page_id=532#primaryimage\"},\"thumbnailUrl\":\"https:\\\/\\\/dhd2025.dig-hum.de\\\/wp-content\\\/uploads\\\/2024\\\/12\\\/MarkDingemanse09_800px_square-300x300.jpg\",\"datePublished\":\"2024-12-20T13:39:58+00:00\",\"dateModified\":\"2025-02-14T09:25:21+00:00\",\"breadcrumb\":{\"@id\":\"https:\\\/\\\/dhd2025.dig-hum.de\\\/?page_id=532#breadcrumb\"},\"inLanguage\":\"de\",\"potentialAction\":[{\"@type\":\"ReadAction\",\"target\":[\"https:\\\/\\\/dhd2025.dig-hum.de\\\/?page_id=532\"]}]},{\"@type\":\"ImageObject\",\"inLanguage\":\"de\",\"@id\":\"https:\\\/\\\/dhd2025.dig-hum.de\\\/?page_id=532#primaryimage\",\"url\":\"https:\\\/\\\/dhd2025.dig-hum.de\\\/wp-content\\\/uploads\\\/2024\\\/12\\\/MarkDingemanse09_800px_square.jpg\",\"contentUrl\":\"https:\\\/\\\/dhd2025.dig-hum.de\\\/wp-content\\\/uploads\\\/2024\\\/12\\\/MarkDingemanse09_800px_square.jpg\",\"width\":425,\"height\":425,\"caption\":\"Foto von Mark Dingemanse\"},{\"@type\":\"BreadcrumbList\",\"@id\":\"https:\\\/\\\/dhd2025.dig-hum.de\\\/?page_id=532#breadcrumb\",\"itemListElement\":[{\"@type\":\"ListItem\",\"position\":1,\"name\":\"Startseite\",\"item\":\"https:\\\/\\\/dhd2025.dig-hum.de\\\/\"},{\"@type\":\"ListItem\",\"position\":2,\"name\":\"Keynote Speakers\"}]},{\"@type\":\"WebSite\",\"@id\":\"https:\\\/\\\/dhd2025.dig-hum.de\\\/#website\",\"url\":\"https:\\\/\\\/dhd2025.dig-hum.de\\\/\",\"name\":\"DHd 2025\",\"description\":\"\",\"publisher\":{\"@id\":\"https:\\\/\\\/dhd2025.dig-hum.de\\\/#organization\"},\"potentialAction\":[{\"@type\":\"SearchAction\",\"target\":{\"@type\":\"EntryPoint\",\"urlTemplate\":\"https:\\\/\\\/dhd2025.dig-hum.de\\\/?s={search_term_string}\"},\"query-input\":{\"@type\":\"PropertyValueSpecification\",\"valueRequired\":true,\"valueName\":\"search_term_string\"}}],\"inLanguage\":\"de\"},{\"@type\":\"Organization\",\"@id\":\"https:\\\/\\\/dhd2025.dig-hum.de\\\/#organization\",\"name\":\"DHd 2025\",\"url\":\"https:\\\/\\\/dhd2025.dig-hum.de\\\/\",\"logo\":{\"@type\":\"ImageObject\",\"inLanguage\":\"de\",\"@id\":\"https:\\\/\\\/dhd2025.dig-hum.de\\\/#\\\/schema\\\/logo\\\/image\\\/\",\"url\":\"https:\\\/\\\/dhd2025.dig-hum.de\\\/wp-content\\\/uploads\\\/2024\\\/05\\\/DHd2025_Tansparenzen.png\",\"contentUrl\":\"https:\\\/\\\/dhd2025.dig-hum.de\\\/wp-content\\\/uploads\\\/2024\\\/05\\\/DHd2025_Tansparenzen.png\",\"width\":2480,\"height\":1110,\"caption\":\"DHd 2025\"},\"image\":{\"@id\":\"https:\\\/\\\/dhd2025.dig-hum.de\\\/#\\\/schema\\\/logo\\\/image\\\/\"},\"sameAs\":[\"https:\\\/\\\/www.instagram.com\\\/dhd_2025\\\/\"]}]}<\/script>\n<!-- \/ Yoast SEO plugin. -->","yoast_head_json":{"title":"Keynote Speakers - DHd 2025","robots":{"index":"index","follow":"follow","max-snippet":"max-snippet:-1","max-image-preview":"max-image-preview:large","max-video-preview":"max-video-preview:-1"},"canonical":"https:\/\/dhd2025.dig-hum.de\/?page_id=532","og_locale":"de_DE","og_type":"article","og_title":"Keynote Speakers - DHd 2025","og_description":"Keynote Speakers Opening Keynote Mark Dingemanse is Associate Professor in Language and Communication at the Centre for Language Studies, Radboud University, Nijmegen. His studies of social interaction in diverse languages uncovered several universals of conversational structure. With Andreas Liesenfeld, he developed the first global index of open source generative AI. Central to his current research [&hellip;]","og_url":"https:\/\/dhd2025.dig-hum.de\/?page_id=532","og_site_name":"DHd 2025","article_modified_time":"2025-02-14T09:25:21+00:00","og_image":[{"width":425,"height":425,"url":"https:\/\/dhd2025.dig-hum.de\/wp-content\/uploads\/2024\/12\/MarkDingemanse09_800px_square.jpg","type":"image\/jpeg"}],"twitter_card":"summary_large_image","twitter_misc":{"Gesch\u00e4tzte Lesezeit":"4\u00a0Minuten"},"schema":{"@context":"https:\/\/schema.org","@graph":[{"@type":"WebPage","@id":"https:\/\/dhd2025.dig-hum.de\/?page_id=532","url":"https:\/\/dhd2025.dig-hum.de\/?page_id=532","name":"Keynote Speakers - DHd 2025","isPartOf":{"@id":"https:\/\/dhd2025.dig-hum.de\/#website"},"primaryImageOfPage":{"@id":"https:\/\/dhd2025.dig-hum.de\/?page_id=532#primaryimage"},"image":{"@id":"https:\/\/dhd2025.dig-hum.de\/?page_id=532#primaryimage"},"thumbnailUrl":"https:\/\/dhd2025.dig-hum.de\/wp-content\/uploads\/2024\/12\/MarkDingemanse09_800px_square-300x300.jpg","datePublished":"2024-12-20T13:39:58+00:00","dateModified":"2025-02-14T09:25:21+00:00","breadcrumb":{"@id":"https:\/\/dhd2025.dig-hum.de\/?page_id=532#breadcrumb"},"inLanguage":"de","potentialAction":[{"@type":"ReadAction","target":["https:\/\/dhd2025.dig-hum.de\/?page_id=532"]}]},{"@type":"ImageObject","inLanguage":"de","@id":"https:\/\/dhd2025.dig-hum.de\/?page_id=532#primaryimage","url":"https:\/\/dhd2025.dig-hum.de\/wp-content\/uploads\/2024\/12\/MarkDingemanse09_800px_square.jpg","contentUrl":"https:\/\/dhd2025.dig-hum.de\/wp-content\/uploads\/2024\/12\/MarkDingemanse09_800px_square.jpg","width":425,"height":425,"caption":"Foto von Mark Dingemanse"},{"@type":"BreadcrumbList","@id":"https:\/\/dhd2025.dig-hum.de\/?page_id=532#breadcrumb","itemListElement":[{"@type":"ListItem","position":1,"name":"Startseite","item":"https:\/\/dhd2025.dig-hum.de\/"},{"@type":"ListItem","position":2,"name":"Keynote Speakers"}]},{"@type":"WebSite","@id":"https:\/\/dhd2025.dig-hum.de\/#website","url":"https:\/\/dhd2025.dig-hum.de\/","name":"DHd 2025","description":"","publisher":{"@id":"https:\/\/dhd2025.dig-hum.de\/#organization"},"potentialAction":[{"@type":"SearchAction","target":{"@type":"EntryPoint","urlTemplate":"https:\/\/dhd2025.dig-hum.de\/?s={search_term_string}"},"query-input":{"@type":"PropertyValueSpecification","valueRequired":true,"valueName":"search_term_string"}}],"inLanguage":"de"},{"@type":"Organization","@id":"https:\/\/dhd2025.dig-hum.de\/#organization","name":"DHd 2025","url":"https:\/\/dhd2025.dig-hum.de\/","logo":{"@type":"ImageObject","inLanguage":"de","@id":"https:\/\/dhd2025.dig-hum.de\/#\/schema\/logo\/image\/","url":"https:\/\/dhd2025.dig-hum.de\/wp-content\/uploads\/2024\/05\/DHd2025_Tansparenzen.png","contentUrl":"https:\/\/dhd2025.dig-hum.de\/wp-content\/uploads\/2024\/05\/DHd2025_Tansparenzen.png","width":2480,"height":1110,"caption":"DHd 2025"},"image":{"@id":"https:\/\/dhd2025.dig-hum.de\/#\/schema\/logo\/image\/"},"sameAs":["https:\/\/www.instagram.com\/dhd_2025\/"]}]}},"_links":{"self":[{"href":"https:\/\/dhd2025.dig-hum.de\/index.php?rest_route=\/wp\/v2\/pages\/532","targetHints":{"allow":["GET"]}}],"collection":[{"href":"https:\/\/dhd2025.dig-hum.de\/index.php?rest_route=\/wp\/v2\/pages"}],"about":[{"href":"https:\/\/dhd2025.dig-hum.de\/index.php?rest_route=\/wp\/v2\/types\/page"}],"author":[{"embeddable":true,"href":"https:\/\/dhd2025.dig-hum.de\/index.php?rest_route=\/wp\/v2\/users\/2"}],"replies":[{"embeddable":true,"href":"https:\/\/dhd2025.dig-hum.de\/index.php?rest_route=%2Fwp%2Fv2%2Fcomments&post=532"}],"version-history":[{"count":29,"href":"https:\/\/dhd2025.dig-hum.de\/index.php?rest_route=\/wp\/v2\/pages\/532\/revisions"}],"predecessor-version":[{"id":917,"href":"https:\/\/dhd2025.dig-hum.de\/index.php?rest_route=\/wp\/v2\/pages\/532\/revisions\/917"}],"wp:attachment":[{"href":"https:\/\/dhd2025.dig-hum.de\/index.php?rest_route=%2Fwp%2Fv2%2Fmedia&parent=532"}],"curies":[{"name":"wp","href":"https:\/\/api.w.org\/{rel}","templated":true}]}}